{"id":17,"date":"2013-03-17T18:55:42","date_gmt":"2013-03-17T16:55:42","guid":{"rendered":"http:\/\/www.kita-lachundkrach.de\/?page_id=17"},"modified":"2013-03-26T18:00:57","modified_gmt":"2013-03-26T16:00:57","slug":"trager-verein","status":"publish","type":"page","link":"https:\/\/www.kita-lachundkrach.de\/?page_id=17","title":{"rendered":"Der Tr\u00e4ger"},"content":{"rendered":"<p>\u201eLach und Krach\u201c ist ein eingetragener, gemeinn\u00fctziger Verein, der sich zur Aufgabe gemacht hat, eine Integrations-Kindertagesst\u00e4tte zu betreiben mit dem Ziel, Kinder und Eltern mit unterschiedlichen Bed\u00fcrfnissen, sozialen und kulturellen Hintergr\u00fcnden zu betreuen und zu unterst\u00fctzen, so dass sich die Kinder innerhalb eines sozialen Gef\u00fcges gleichberechtigt entsprechend ihren Bed\u00fcrfnissen und ihrer Pers\u00f6nlichkeit entfalten k\u00f6nnen. Die Kindertagesst\u00e4tte soll den Kindern, neben der Familie, andere und neue Entwicklungs- und Erfahrungsm\u00f6glichkeiten durch Entdecken individueller St\u00e4rken bieten.<\/p>\n","protected":false},"excerpt":{"rendered":"<p>\u201eLach und Krach\u201c ist ein eingetragener, gemeinn\u00fctziger Verein, der sich zur Aufgabe gemacht hat, eine Integrations-Kindertagesst\u00e4tte zu betreiben mit dem Ziel, Kinder und Eltern mit [&hellip;]<\/p>\n","protected":false},"author":1,"featured_media":0,"parent":0,"menu_order":0,"comment_status":"closed","ping_status":"closed","template":"sidebar-page.php","meta":{"ngg_post_thumbnail":0},"_links":{"self":[{"href":"https:\/\/www.kita-lachundkrach.de\/index.php?rest_route=\/wp\/v2\/pages\/17"}],"collection":[{"href":"https:\/\/www.kita-lachundkrach.de\/index.php?rest_route=\/wp\/v2\/pages"}],"about":[{"href":"https:\/\/www.kita-lachundkrach.de\/index.php?rest_route=\/wp\/v2\/types\/page"}],"author":[{"embeddable":true,"href":"https:\/\/www.kita-lachundkrach.de\/index.php?rest_route=\/wp\/v2\/users\/1"}],"replies":[{"embeddable":true,"href":"https:\/\/www.kita-lachundkrach.de\/index.php?rest_route=%2Fwp%2Fv2%2Fcomments&post=17"}],"version-history":[{"count":8,"href":"https:\/\/www.kita-lachundkrach.de\/index.php?rest_route=\/wp\/v2\/pages\/17\/revisions"}],"predecessor-version":[{"id":171,"href":"https:\/\/www.kita-lachundkrach.de\/index.php?rest_route=\/wp\/v2\/pages\/17\/revisions\/171"}],"wp:attachment":[{"href":"https:\/\/www.kita-lachundkrach.de\/index.php?rest_route=%2Fwp%2Fv2%2Fmedia&parent=17"}],"curies":[{"name":"wp","href":"https:\/\/api.w.org\/{rel}","templated":true}]}}