{"id":479,"date":"2020-04-14T11:45:25","date_gmt":"2020-04-14T09:45:25","guid":{"rendered":"http:\/\/www.kita-lachundkrach.de\/?page_id=479"},"modified":"2020-04-14T11:45:25","modified_gmt":"2020-04-14T09:45:25","slug":"belegung","status":"publish","type":"page","link":"https:\/\/www.kita-lachundkrach.de\/?page_id=479","title":{"rendered":"Belegung"},"content":{"rendered":"\n<p>Unsere aktuelle Belegung k\u00f6nnen sie \u00fcber den <strong><a href=\"https:\/\/kita-navigator.berlin.de\/einrichtungen\/1425?betb=3-2020&amp;einfacheSuche=true&amp;name=lach%20und%20krach&amp;seite=1&amp;index=1\">Kita-Navigator<\/a> <\/strong>einsehen. Dort k\u00f6nnen sie sich auch auf frei Pl\u00e4tze Bewerben. <\/p>\n","protected":false},"excerpt":{"rendered":"<p>Unsere aktuelle Belegung k\u00f6nnen sie \u00fcber den Kita-Navigator einsehen. Dort k\u00f6nnen sie sich auch auf frei Pl\u00e4tze Bewerben.<\/p>\n","protected":false},"author":1,"featured_media":0,"parent":0,"menu_order":0,"comment_status":"closed","ping_status":"closed","template":"","meta":{"ngg_post_thumbnail":0},"_links":{"self":[{"href":"https:\/\/www.kita-lachundkrach.de\/index.php?rest_route=\/wp\/v2\/pages\/479"}],"collection":[{"href":"https:\/\/www.kita-lachundkrach.de\/index.php?rest_route=\/wp\/v2\/pages"}],"about":[{"href":"https:\/\/www.kita-lachundkrach.de\/index.php?rest_route=\/wp\/v2\/types\/page"}],"author":[{"embeddable":true,"href":"https:\/\/www.kita-lachundkrach.de\/index.php?rest_route=\/wp\/v2\/users\/1"}],"replies":[{"embeddable":true,"href":"https:\/\/www.kita-lachundkrach.de\/index.php?rest_route=%2Fwp%2Fv2%2Fcomments&post=479"}],"version-history":[{"count":7,"href":"https:\/\/www.kita-lachundkrach.de\/index.php?rest_route=\/wp\/v2\/pages\/479\/revisions"}],"predecessor-version":[{"id":486,"href":"https:\/\/www.kita-lachundkrach.de\/index.php?rest_route=\/wp\/v2\/pages\/479\/revisions\/486"}],"wp:attachment":[{"href":"https:\/\/www.kita-lachundkrach.de\/index.php?rest_route=%2Fwp%2Fv2%2Fmedia&parent=479"}],"curies":[{"name":"wp","href":"https:\/\/api.w.org\/{rel}","templated":true}]}}