{"id":59,"date":"2013-03-21T00:35:30","date_gmt":"2013-03-20T22:35:30","guid":{"rendered":"http:\/\/www.kita-lachundkrach.de\/?page_id=59"},"modified":"2021-04-29T14:22:12","modified_gmt":"2021-04-29T12:22:12","slug":"raume-und-ausengelande","status":"publish","type":"page","link":"https:\/\/www.kita-lachundkrach.de\/?page_id=59","title":{"rendered":"R\u00e4ume und Au\u00dfengel\u00e4nde"},"content":{"rendered":"<p>Die Kindertagesst\u00e4tte befindet sich im Erdgescho\u00df eines Wohnhauses in der Erlanger Str. 6 in Berlin-Neuk\u00f6lln.<\/p>\n<p>Es stehen hier insgesamt 270 qm zum Spielen, Lernen, Bewegen, kreativem Gestalten, Ausruhen, Musizieren und Schlafen zur Verf\u00fcgung.<br \/>\nAn die R\u00e4ume schlie\u00dft sich ein kleiner Au\u00dfenbereich an, der nur f\u00fcr die Kitakinder zug\u00e4nglich ist. Hier ist Platz zum Buddeln, Klettern, Plantschen und Blumen pflanzen.<\/p>\n<p>&nbsp;<\/p>\n<!-- index.php -->\n<div\n\tclass=\"ngg-galleryoverview ngg-ajax-pagination-none\"\n\tid=\"ngg-gallery-2f89c7c066c22b217d400d2c7913ac9e-1\">\n\n    \t\t<!-- Thumbnails -->\n\t\t\t\t<div id=\"ngg-image-0\" class=\"ngg-gallery-thumbnail-box\" >\n\t\t\t\t        <div class=\"ngg-gallery-thumbnail\">\n            <a href=\"https:\/\/www.kita-lachundkrach.de\/wp-content\/gallery\/test\/grundriss_kita_luk_transparent_0.jpg\"\n               title=\"\"\n               data-src=\"https:\/\/www.kita-lachundkrach.de\/wp-content\/gallery\/test\/grundriss_kita_luk_transparent_0.jpg\"\n               data-thumbnail=\"https:\/\/www.kita-lachundkrach.de\/wp-content\/gallery\/test\/thumbs\/thumbs_grundriss_kita_luk_transparent_0.jpg\"\n               data-image-id=\"4\"\n               data-title=\"Grundriss Kita Lach und Krach\"\n               data-description=\"\"\n               data-image-slug=\"grundriss-kita-lach-und-krach\"\n               class=\"ngg-fancybox\" rel=\"2f89c7c066c22b217d400d2c7913ac9e\">\n                <img\n                    title=\"Grundriss Kita Lach und Krach\"\n                    alt=\"Grundriss Kita Lach und Krach\"\n                    src=\"https:\/\/www.kita-lachundkrach.de\/wp-content\/gallery\/test\/thumbs\/thumbs_grundriss_kita_luk_transparent_0.jpg\"\n                    width=\"100\"\n                    height=\"75\"\n                    style=\"max-width:100%;\"\n                \/>\n            <\/a>\n        <\/div>\n\t\t\t\t\t\t\t<\/div> \n\t\t\t\n        \n\t\t\t\t<div id=\"ngg-image-1\" class=\"ngg-gallery-thumbnail-box\" >\n\t\t\t\t        <div class=\"ngg-gallery-thumbnail\">\n            <a href=\"https:\/\/www.kita-lachundkrach.de\/wp-content\/gallery\/test\/vorschulraum_0.jpg\"\n               title=\"\"\n               data-src=\"https:\/\/www.kita-lachundkrach.de\/wp-content\/gallery\/test\/vorschulraum_0.jpg\"\n               data-thumbnail=\"https:\/\/www.kita-lachundkrach.de\/wp-content\/gallery\/test\/thumbs\/thumbs_vorschulraum_0.jpg\"\n               data-image-id=\"6\"\n               data-title=\"vorschulraum_0\"\n               data-description=\"\"\n               data-image-slug=\"vorschulraum_0\"\n               class=\"ngg-fancybox\" rel=\"2f89c7c066c22b217d400d2c7913ac9e\">\n                <img\n                    title=\"vorschulraum_0\"\n                    alt=\"vorschulraum_0\"\n                    src=\"https:\/\/www.kita-lachundkrach.de\/wp-content\/gallery\/test\/thumbs\/thumbs_vorschulraum_0.jpg\"\n                    width=\"100\"\n                    height=\"75\"\n                    style=\"max-width:100%;\"\n                \/>\n            <\/a>\n        <\/div>\n\t\t\t\t\t\t\t<\/div> \n\t\t\t\n        \n\t\t\t\t<div id=\"ngg-image-2\" class=\"ngg-gallery-thumbnail-box\" >\n\t\t\t\t        <div class=\"ngg-gallery-thumbnail\">\n            <a href=\"https:\/\/www.kita-lachundkrach.de\/wp-content\/gallery\/test\/imgp1001_website.jpg\"\n               title=\"\"\n               data-src=\"https:\/\/www.kita-lachundkrach.de\/wp-content\/gallery\/test\/imgp1001_website.jpg\"\n               data-thumbnail=\"https:\/\/www.kita-lachundkrach.de\/wp-content\/gallery\/test\/thumbs\/thumbs_imgp1001_website.jpg\"\n               data-image-id=\"14\"\n               data-title=\"imgp1001_website\"\n               data-description=\"\"\n               data-image-slug=\"imgp1001_website\"\n               class=\"ngg-fancybox\" rel=\"2f89c7c066c22b217d400d2c7913ac9e\">\n                <img\n                    title=\"imgp1001_website\"\n                    alt=\"imgp1001_website\"\n                    src=\"https:\/\/www.kita-lachundkrach.de\/wp-content\/gallery\/test\/thumbs\/thumbs_imgp1001_website.jpg\"\n                    width=\"100\"\n                    height=\"75\"\n                    style=\"max-width:100%;\"\n                \/>\n            <\/a>\n        <\/div>\n\t\t\t\t\t\t\t<\/div> \n\t\t\t\n        \n\t\t\t\t<div id=\"ngg-image-3\" class=\"ngg-gallery-thumbnail-box\" >\n\t\t\t\t        <div class=\"ngg-gallery-thumbnail\">\n            <a href=\"https:\/\/www.kita-lachundkrach.de\/wp-content\/gallery\/test\/imgp0991.jpg\"\n               title=\"\"\n               data-src=\"https:\/\/www.kita-lachundkrach.de\/wp-content\/gallery\/test\/imgp0991.jpg\"\n               data-thumbnail=\"https:\/\/www.kita-lachundkrach.de\/wp-content\/gallery\/test\/thumbs\/thumbs_imgp0991.jpg\"\n               data-image-id=\"15\"\n               data-title=\"imgp0991\"\n               data-description=\"\"\n               data-image-slug=\"imgp0991\"\n               class=\"ngg-fancybox\" rel=\"2f89c7c066c22b217d400d2c7913ac9e\">\n                <img\n                    title=\"imgp0991\"\n                    alt=\"imgp0991\"\n                    src=\"https:\/\/www.kita-lachundkrach.de\/wp-content\/gallery\/test\/thumbs\/thumbs_imgp0991.jpg\"\n                    width=\"100\"\n                    height=\"75\"\n                    style=\"max-width:100%;\"\n                \/>\n            <\/a>\n        <\/div>\n\t\t\t\t\t\t\t<\/div> \n\t\t\t\n        \n\t\t\n\t\t<!-- Pagination -->\n\t<div class='ngg-clear'><\/div>\t<\/div>\n\n","protected":false},"excerpt":{"rendered":"<p>Die Kindertagesst\u00e4tte befindet sich im Erdgescho\u00df eines Wohnhauses in der Erlanger Str. 6 in Berlin-Neuk\u00f6lln. Es stehen hier insgesamt 270 qm zum Spielen, Lernen, Bewegen, [&hellip;]<\/p>\n","protected":false},"author":1,"featured_media":0,"parent":0,"menu_order":0,"comment_status":"closed","ping_status":"closed","template":"","meta":{"ngg_post_thumbnail":0},"_links":{"self":[{"href":"https:\/\/www.kita-lachundkrach.de\/index.php?rest_route=\/wp\/v2\/pages\/59"}],"collection":[{"href":"https:\/\/www.kita-lachundkrach.de\/index.php?rest_route=\/wp\/v2\/pages"}],"about":[{"href":"https:\/\/www.kita-lachundkrach.de\/index.php?rest_route=\/wp\/v2\/types\/page"}],"author":[{"embeddable":true,"href":"https:\/\/www.kita-lachundkrach.de\/index.php?rest_route=\/wp\/v2\/users\/1"}],"replies":[{"embeddable":true,"href":"https:\/\/www.kita-lachundkrach.de\/index.php?rest_route=%2Fwp%2Fv2%2Fcomments&post=59"}],"version-history":[{"count":10,"href":"https:\/\/www.kita-lachundkrach.de\/index.php?rest_route=\/wp\/v2\/pages\/59\/revisions"}],"predecessor-version":[{"id":508,"href":"https:\/\/www.kita-lachundkrach.de\/index.php?rest_route=\/wp\/v2\/pages\/59\/revisions\/508"}],"wp:attachment":[{"href":"https:\/\/www.kita-lachundkrach.de\/index.php?rest_route=%2Fwp%2Fv2%2Fmedia&parent=59"}],"curies":[{"name":"wp","href":"https:\/\/api.w.org\/{rel}","templated":true}]}}