{"id":61,"date":"2013-03-18T18:34:30","date_gmt":"2013-03-18T16:34:30","guid":{"rendered":"http:\/\/www.kita-lachundkrach.de\/?page_id=61"},"modified":"2013-03-25T22:09:22","modified_gmt":"2013-03-25T20:09:22","slug":"profil-und-selbstverstandnis","status":"publish","type":"page","link":"https:\/\/www.kita-lachundkrach.de\/?page_id=61","title":{"rendered":"Profil und Selbstverst\u00e4ndnis"},"content":{"rendered":"<p>Unsere Einrichtung ist nicht von bestimmten p\u00e4dagogischen Ausrichtungen oder Ideologien gepr\u00e4gt (wie z.B. Waldorf- P\u00e4dagogik). Wir verstehen uns als eine Einrichtung, die mitten in Neuk\u00f6lln angesiedelt, auch mitten in gesellschaftlichen Zusammenh\u00e4ngen stehen und agieren m\u00f6chte. Wir m\u00f6chten keine bestimmte Auswahl an Kindern und Familien sondern eine m\u00f6glichst breite und repr\u00e4sentative Mischung der Neuk\u00f6llner Bev\u00f6lkerung bei uns aufnehmen.<\/p>\n<p>Unsere p\u00e4dagogische Arbeit ist bestimmt von einer Balance zwischen Gruppengestaltung und der Beachtung des Einzelnen.<\/p>\n<p>Neben der Beziehungsgestaltung zwischen den Kindern im Gruppengeschehen legen wir sehr gro\u00dfen Wert auf die Beachtung der Beziehungsgestaltung zwischen den Erzieherinnen und den Kindern. Dabei ist eine reflektierte Rolle als Erzieherin sehr wichtig.<\/p>\n<p>Unsere p\u00e4dagogischen Grunds\u00e4tze beruhen auf einer 27 j\u00e4hrigen Erfahrung in der Integrationsarbeit, mit dem Ziel behinderte Kinder und ihre Eltern in Regelgruppen zu integrieren. Wir haben in diesen Jahren festgestellt, dass wir keine Unterschiede mehr machen zwischen behinderten und nichtbehinderten Kindern sondern dass alle Kinder gleichviel vom Zusammensein profitieren, wenn die Bed\u00fcrfnisse des Einzelnen ber\u00fccksichtigt werden.<\/p>\n<p>Wir sehen unsere Kita als Bildungseinrichtung an, die Wissen vermittelt und auch Lust auf lernen macht. Wir greifen die Impulse und individuellen F\u00e4higkeiten der Kinder auf, f\u00f6rdern und unterst\u00fctzen sie.<\/p>\n","protected":false},"excerpt":{"rendered":"<p>Unsere Einrichtung ist nicht von bestimmten p\u00e4dagogischen Ausrichtungen oder Ideologien gepr\u00e4gt (wie z.B. Waldorf- P\u00e4dagogik). Wir verstehen uns als eine Einrichtung, die mitten in Neuk\u00f6lln [&hellip;]<\/p>\n","protected":false},"author":1,"featured_media":0,"parent":0,"menu_order":0,"comment_status":"closed","ping_status":"closed","template":"sidebar-page.php","meta":{"ngg_post_thumbnail":0},"_links":{"self":[{"href":"https:\/\/www.kita-lachundkrach.de\/index.php?rest_route=\/wp\/v2\/pages\/61"}],"collection":[{"href":"https:\/\/www.kita-lachundkrach.de\/index.php?rest_route=\/wp\/v2\/pages"}],"about":[{"href":"https:\/\/www.kita-lachundkrach.de\/index.php?rest_route=\/wp\/v2\/types\/page"}],"author":[{"embeddable":true,"href":"https:\/\/www.kita-lachundkrach.de\/index.php?rest_route=\/wp\/v2\/users\/1"}],"replies":[{"embeddable":true,"href":"https:\/\/www.kita-lachundkrach.de\/index.php?rest_route=%2Fwp%2Fv2%2Fcomments&post=61"}],"version-history":[{"count":6,"href":"https:\/\/www.kita-lachundkrach.de\/index.php?rest_route=\/wp\/v2\/pages\/61\/revisions"}],"predecessor-version":[{"id":120,"href":"https:\/\/www.kita-lachundkrach.de\/index.php?rest_route=\/wp\/v2\/pages\/61\/revisions\/120"}],"wp:attachment":[{"href":"https:\/\/www.kita-lachundkrach.de\/index.php?rest_route=%2Fwp%2Fv2%2Fmedia&parent=61"}],"curies":[{"name":"wp","href":"https:\/\/api.w.org\/{rel}","templated":true}]}}