{"id":62,"date":"2013-03-18T18:34:48","date_gmt":"2013-03-18T16:34:48","guid":{"rendered":"http:\/\/www.kita-lachundkrach.de\/?page_id=62"},"modified":"2025-07-28T14:15:36","modified_gmt":"2025-07-28T12:15:36","slug":"mitarbeiterinnen","status":"publish","type":"page","link":"https:\/\/www.kita-lachundkrach.de\/?page_id=62","title":{"rendered":"Mitarbeiter*innen"},"content":{"rendered":"\n<p><b>Sabine Schilling<\/b>: (39 Std.\/Wo., besch\u00e4ftigt seit 1982)<br>Vorstand, Erzieherin im gruppen\u00fcbergreifenden Dienst<\/p>\n\n\n\n<p><b><strong>Louis St\u00e9phanoelson Andriamasy<\/strong><\/b>: (35 Std.\/Wo., besch\u00e4ftigt seit 2021)<br>Gruppenerzieher<\/p>\n\n\n\n<p><strong>Samantha Szczukowski<\/strong>: (39 Std.\/Wo., besch\u00e4ftigt seit 2019)<br>Erzieherin, stellvertetende Leitung<\/p>\n\n\n\n<p><span style=\"color: #2a3235;\"><b>Johanna Hellriegel<\/b>:<\/span> (39 Std.\/Wo., besch\u00e4ftigt seit 2020)<br>Gruppenerzieherin, Integrationserzieherin, Vorstand<\/p>\n\n\n\n<p><b>Angelika\u00a0 Krause<\/b>: (35 Std.\/Wo., besch\u00e4ftigt seit 2011) Erzieherhelferin<\/p>\n\n\n\n<p><strong>Doris Hellriegel&nbsp; <\/strong>(25 Std.\/Wo., besch\u00e4ftigt seit 2023)                                                                                                                                    Hauswirtschaftskraft<\/p>\n\n\n\n<p><strong>Amber Waligora<\/strong> (21 Std.\/Wo., besch\u00e4ftigt seit 2024)                                                                                                                                                                Auszubildene<\/p>\n\n\n\n<p><\/p>\n","protected":false},"excerpt":{"rendered":"<p>Sabine Schilling: (39 Std.\/Wo., besch\u00e4ftigt seit 1982)Vorstand, Erzieherin im gruppen\u00fcbergreifenden Dienst Louis St\u00e9phanoelson Andriamasy: (35 Std.\/Wo., besch\u00e4ftigt seit 2021)Gruppenerzieher Samantha Szczukowski: (39 Std.\/Wo., besch\u00e4ftigt seit [&hellip;]<\/p>\n","protected":false},"author":1,"featured_media":0,"parent":0,"menu_order":0,"comment_status":"closed","ping_status":"closed","template":"","meta":{"ngg_post_thumbnail":0},"_links":{"self":[{"href":"https:\/\/www.kita-lachundkrach.de\/index.php?rest_route=\/wp\/v2\/pages\/62"}],"collection":[{"href":"https:\/\/www.kita-lachundkrach.de\/index.php?rest_route=\/wp\/v2\/pages"}],"about":[{"href":"https:\/\/www.kita-lachundkrach.de\/index.php?rest_route=\/wp\/v2\/types\/page"}],"author":[{"embeddable":true,"href":"https:\/\/www.kita-lachundkrach.de\/index.php?rest_route=\/wp\/v2\/users\/1"}],"replies":[{"embeddable":true,"href":"https:\/\/www.kita-lachundkrach.de\/index.php?rest_route=%2Fwp%2Fv2%2Fcomments&post=62"}],"version-history":[{"count":32,"href":"https:\/\/www.kita-lachundkrach.de\/index.php?rest_route=\/wp\/v2\/pages\/62\/revisions"}],"predecessor-version":[{"id":547,"href":"https:\/\/www.kita-lachundkrach.de\/index.php?rest_route=\/wp\/v2\/pages\/62\/revisions\/547"}],"wp:attachment":[{"href":"https:\/\/www.kita-lachundkrach.de\/index.php?rest_route=%2Fwp%2Fv2%2Fmedia&parent=62"}],"curies":[{"name":"wp","href":"https:\/\/api.w.org\/{rel}","templated":true}]}}