{"id":68,"date":"2013-03-20T23:40:29","date_gmt":"2013-03-20T21:40:29","guid":{"rendered":"http:\/\/www.kita-lachundkrach.de\/?page_id=68"},"modified":"2024-03-14T14:19:42","modified_gmt":"2024-03-14T12:19:42","slug":"die-geschichte-des-vereins","status":"publish","type":"page","link":"https:\/\/www.kita-lachundkrach.de\/?page_id=68","title":{"rendered":"Die Geschichte des Vereins"},"content":{"rendered":"<p>Am <strong>1.12.1983<\/strong> er\u00f6ffnete der Verein \u201eLach und Krach\u201c in der Selchowerstra\u00dfe eine EKT (Eltern-Kind-Initiative) mit zw\u00f6lf Kindern im Alter von ein bis sechs Jahren. F\u00fcr die Betreuung wurden zwei Erzieherinnen mit jeweils 30 Stunden eingestellt.<\/p>\n<p><strong>1985<\/strong> wurden die ersten Kinder mit erh\u00f6htem F\u00f6rderbedarf aufgenommen und \u201eLach und Krach\u201c entwickelte sich zu einer Integrationseinrichtung.<\/p>\n<p><strong>1989<\/strong> zog \u201eLach und Krach\u201c in die Erlanger Stra\u00dfe 6 um und er\u00f6ffnete in gr\u00f6\u00dferen R\u00e4umen eine zweite Gruppe. Nun wurden 24 Kinder von vier Erzieherinnen betreut.<\/p>\n<p><strong>1996<\/strong> gab es eine weitere Expansion. In der Erlanger Stra\u00dfe 13 wurde ein weiterer Laden angemietet und ein Sch\u00fclerladen mit 13 Pl\u00e4tzen er\u00f6ffnet.<\/p>\n<p><strong>1999<\/strong> beantragte der Verein die Umwandlung der Einrichtung von einer Eltern-Kind-Initiative in eine Kindertagesst\u00e4tte. Seither ist \u201eLach und Krach\u201c e.V. Tr\u00e4ger der freien Jugendhilfe. Die Gesch\u00e4ftsf\u00fchrung wurde der stellvertretenden Leitung \u00fcbertragen.<\/p>\n<p><strong>2000<\/strong> wurde die Erlanger Str. 13 geschlossen und neue R\u00e4ume f\u00fcr den Hort in der Erlanger Str. 6 angemietet.<\/p>\n<p>Die Platzzahl wurde auf 50 erweitert.<\/p>\n<p>Seit <strong>2006<\/strong> betreuen wir keine Hortkinder mehr sondern nur noch Kinder im Alter von ein bis sechs Jahren.<\/p>\n","protected":false},"excerpt":{"rendered":"<p>Am 1.12.1983 er\u00f6ffnete der Verein \u201eLach und Krach\u201c in der Selchowerstra\u00dfe eine EKT (Eltern-Kind-Initiative) mit zw\u00f6lf Kindern im Alter von ein bis sechs Jahren. F\u00fcr [&hellip;]<\/p>\n","protected":false},"author":1,"featured_media":0,"parent":0,"menu_order":0,"comment_status":"closed","ping_status":"closed","template":"","meta":{"ngg_post_thumbnail":0},"_links":{"self":[{"href":"https:\/\/www.kita-lachundkrach.de\/index.php?rest_route=\/wp\/v2\/pages\/68"}],"collection":[{"href":"https:\/\/www.kita-lachundkrach.de\/index.php?rest_route=\/wp\/v2\/pages"}],"about":[{"href":"https:\/\/www.kita-lachundkrach.de\/index.php?rest_route=\/wp\/v2\/types\/page"}],"author":[{"embeddable":true,"href":"https:\/\/www.kita-lachundkrach.de\/index.php?rest_route=\/wp\/v2\/users\/1"}],"replies":[{"embeddable":true,"href":"https:\/\/www.kita-lachundkrach.de\/index.php?rest_route=%2Fwp%2Fv2%2Fcomments&post=68"}],"version-history":[{"count":4,"href":"https:\/\/www.kita-lachundkrach.de\/index.php?rest_route=\/wp\/v2\/pages\/68\/revisions"}],"predecessor-version":[{"id":521,"href":"https:\/\/www.kita-lachundkrach.de\/index.php?rest_route=\/wp\/v2\/pages\/68\/revisions\/521"}],"wp:attachment":[{"href":"https:\/\/www.kita-lachundkrach.de\/index.php?rest_route=%2Fwp%2Fv2%2Fmedia&parent=68"}],"curies":[{"name":"wp","href":"https:\/\/api.w.org\/{rel}","templated":true}]}}