{"id":77,"date":"2013-03-21T00:06:03","date_gmt":"2013-03-20T22:06:03","guid":{"rendered":"http:\/\/www.kita-lachundkrach.de\/?page_id=77"},"modified":"2024-03-14T14:31:47","modified_gmt":"2024-03-14T12:31:47","slug":"das-bild-vom-kind","status":"publish","type":"page","link":"https:\/\/www.kita-lachundkrach.de\/?page_id=77","title":{"rendered":"Das Bild vom Kind"},"content":{"rendered":"<p>Das Bild vom Kind sollte nicht getrennt werden vom Bild des Menschen.<\/p>\n<p>Unser Menschenbild ist davon gepr\u00e4gt, dass wir Menschen in ihrer Unterschiedlichkeit (Kultur, Nationalit\u00e4t, K\u00f6rperlichen oder geistigen Beeintr\u00e4chtigungen, Geschlecht etc.) respektieren und eine Umgebung schaffen m\u00f6chten, in der jedes Kind sich seinen M\u00f6glichkeiten entsprechend bestm\u00f6glich entwickeln und entfalten und andere Lebensweisen und Kulturen kennenlernen kann.<\/p>\n<p>Uns ist es dabei wichtig, Kinder nicht in einer verniedlichenden Kinderwelt abzuschotten sondern sie dabei zu unterst\u00fctzen, sich in der Welt zurechtzufinden und sich auf ihre Weise damit auseinanderzusetzen.<\/p>\n","protected":false},"excerpt":{"rendered":"<p>Das Bild vom Kind sollte nicht getrennt werden vom Bild des Menschen. Unser Menschenbild ist davon gepr\u00e4gt, dass wir Menschen in ihrer Unterschiedlichkeit (Kultur, Nationalit\u00e4t, [&hellip;]<\/p>\n","protected":false},"author":1,"featured_media":0,"parent":0,"menu_order":0,"comment_status":"closed","ping_status":"closed","template":"","meta":{"ngg_post_thumbnail":0},"_links":{"self":[{"href":"https:\/\/www.kita-lachundkrach.de\/index.php?rest_route=\/wp\/v2\/pages\/77"}],"collection":[{"href":"https:\/\/www.kita-lachundkrach.de\/index.php?rest_route=\/wp\/v2\/pages"}],"about":[{"href":"https:\/\/www.kita-lachundkrach.de\/index.php?rest_route=\/wp\/v2\/types\/page"}],"author":[{"embeddable":true,"href":"https:\/\/www.kita-lachundkrach.de\/index.php?rest_route=\/wp\/v2\/users\/1"}],"replies":[{"embeddable":true,"href":"https:\/\/www.kita-lachundkrach.de\/index.php?rest_route=%2Fwp%2Fv2%2Fcomments&post=77"}],"version-history":[{"count":8,"href":"https:\/\/www.kita-lachundkrach.de\/index.php?rest_route=\/wp\/v2\/pages\/77\/revisions"}],"predecessor-version":[{"id":528,"href":"https:\/\/www.kita-lachundkrach.de\/index.php?rest_route=\/wp\/v2\/pages\/77\/revisions\/528"}],"wp:attachment":[{"href":"https:\/\/www.kita-lachundkrach.de\/index.php?rest_route=%2Fwp%2Fv2%2Fmedia&parent=77"}],"curies":[{"name":"wp","href":"https:\/\/api.w.org\/{rel}","templated":true}]}}